{"id":6019,"date":"2023-07-23T17:44:33","date_gmt":"2023-07-23T17:44:33","guid":{"rendered":"https:\/\/hortabay.com\/testimonials\/"},"modified":"2023-10-11T09:57:05","modified_gmt":"2023-10-11T09:57:05","slug":"testimonials","status":"publish","type":"page","link":"https:\/\/hortabay.com\/en\/testimonials\/","title":{"rendered":"Testimonials"},"content":{"rendered":"<div class=\"wpb-content-wrapper\">[vc_row][vc_column][vc_column_text font_size=&#8221;17&#8243;]<strong>We would like to thank all our dear guests who chose us during their stay on the island of Faial.<\/strong><br \/>\nIt is always a great pleasure to receive you at Hortabay and to provide you with a unique lodging experience on this wonderful island. We are committed to ensuring that your stay is as pleasant and comfortable as possible, and we are delighted that we were able to achieve this goal. Thank you for your positive comments and recommendations, and we look forward to welcoming you back soon.<\/p>\n<div class=\"strong-view strong-view-id-3 default wpmtst-default\" data-count=\"4\" data-state=\"idle\"><div class=\"strong-content strong-masonry columns-3\"><div class=\"wpmtst-testimonial testimonial post-6228\"><div class=\"wpmtst-testimonial-inner testimonial-inner\"><h3 class=\"wpmtst-testimonial-heading testimonial-heading\">Francisco Carvalho<\/h3><div    class=\"wpmtst-testimonial-content testimonial-content\"><div class=\"maybe-clear\"><\/div><p>Adoramos a estadia, pena que tenha sido t\u00e3o curta. Fica para uma pr\u00f3xima com toda a certeza. O Tiago foi top. Muito obrigado \ud83d\udc4d<\/p><\/div><div class=\"wpmtst-testimonial-field testimonial-field testimonial-name\">Francisco Carvalho<\/div><div class=\"clear\"><\/div><\/div><\/div><div class=\"wpmtst-testimonial testimonial post-6229\"><div class=\"wpmtst-testimonial-inner testimonial-inner\"><h3 class=\"wpmtst-testimonial-heading testimonial-heading\">Sara Xavier<\/h3><div    class=\"wpmtst-testimonial-content testimonial-content\"><div class=\"maybe-clear\"><\/div><p>De todos os lugares em que j\u00e1 fiquei nos \u00faltimos dois anos, este sem d\u00favida foi o melhor lugar. \u00c9 basicamente um pacote completo. Desde a simpatia, a limpeza, a organiza\u00e7\u00e3o, o conforto, os pormenores, a localiza\u00e7\u00e3o. Simplesmente perfeito! Depois de tantas viagens, finalmente, pela primeira vez, senti conforto e pela primeira vez n\u00e3o tenho nenhuma cr\u00edtica negativa a fazer.<\/p><\/div><div class=\"wpmtst-testimonial-field testimonial-field testimonial-name\">Sara Xavier<\/div><div class=\"clear\"><\/div><\/div><\/div><div class=\"wpmtst-testimonial testimonial post-6230\"><div class=\"wpmtst-testimonial-inner testimonial-inner\"><h3 class=\"wpmtst-testimonial-heading testimonial-heading\">Anfitri\u00e3o muito agrad\u00e1vel<\/h3><div    class=\"wpmtst-testimonial-content testimonial-content\"><div class=\"maybe-clear\"><\/div><p>Anfitri\u00e3o muito agrad\u00e1vel &#8211; Quarto tudo muito novo e limpo &#8211; Pequeno almo\u00e7o muito delicioso, simples mas muito bom<\/p><\/div><div class=\"wpmtst-testimonial-field testimonial-field testimonial-name\">Nicole<\/div><div class=\"clear\"><\/div><\/div><\/div><div class=\"wpmtst-testimonial testimonial post-6231\"><div class=\"wpmtst-testimonial-inner testimonial-inner\"><h3 class=\"wpmtst-testimonial-heading testimonial-heading\">A wonderful surprise!<\/h3><div    class=\"wpmtst-testimonial-content testimonial-content\"><div class=\"maybe-clear\"><\/div><p>HortaBay is highly recommended. The room was pretty new, tasteful, spatious, with a beautiful toilet and a kitchen area with all utilities that we did not use. We stayed with two babies and it was spacious enough for everyone. The hotel is located right in front tof the ocean with stunning views The staff was friendly and helpful, and they went above and beyond to make our stay enjoyable. Very central, near the port.<\/p><\/div><div class=\"wpmtst-testimonial-field testimonial-field testimonial-name\">Joana Bastos dos Santos<\/div><div class=\"clear\"><\/div><\/div><\/div><\/div><\/div>[\/vc_column_text][\/vc_column][\/vc_row]\n<\/div>","protected":false},"excerpt":{"rendered":"<p>[vc_row][vc_column][vc_column_text font_size=&#8221;17&#8243;]We would like to thank all our dear guests who chose us during their stay on the island of Faial. It is always a great pleasure to receive you at Hortabay and to provide you with a unique lodging experience on this wonderful island. We are committed to ensuring that your stay is as&hellip;<\/p>\n","protected":false},"author":1,"featured_media":0,"parent":0,"menu_order":0,"comment_status":"closed","ping_status":"closed","template":"","meta":{"_vp_format_video_url":"","_vp_image_focal_point":[],"footnotes":""},"class_list":["post-6019","page","type-page","status-publish","hentry","entry","no-media"],"yoast_head":"<!-- This site is optimized with the Yoast SEO plugin v27.5 - https:\/\/yoast.com\/product\/yoast-seo-wordpress\/ -->\n<title>Testimonials - Horta Bay<\/title>\n<meta name=\"robots\" content=\"index, follow, max-snippet:-1, max-image-preview:large, max-video-preview:-1\" \/>\n<link rel=\"canonical\" href=\"https:\/\/hortabay.com\/en\/testimonials\/\" \/>\n<meta property=\"og:locale\" content=\"en_US\" \/>\n<meta property=\"og:type\" content=\"article\" \/>\n<meta property=\"og:title\" content=\"Testimonials - Horta Bay\" \/>\n<meta property=\"og:description\" content=\"[vc_row][vc_column][vc_column_text font_size=&#8221;17&#8243;]We would like to thank all our dear guests who chose us during their stay on the island of Faial. It is always a great pleasure to receive you at Hortabay and to provide you with a unique lodging experience on this wonderful island. We are committed to ensuring that your stay is as&hellip;\" \/>\n<meta property=\"og:url\" content=\"https:\/\/hortabay.com\/en\/testimonials\/\" \/>\n<meta property=\"og:site_name\" content=\"Horta Bay\" \/>\n<meta property=\"article:modified_time\" content=\"2023-10-11T09:57:05+00:00\" \/>\n<meta name=\"twitter:card\" content=\"summary_large_image\" \/>\n<meta name=\"twitter:label1\" content=\"Est. reading time\" \/>\n\t<meta name=\"twitter:data1\" content=\"1 minute\" \/>\n<script type=\"application\/ld+json\" class=\"yoast-schema-graph\">{\"@context\":\"https:\\\/\\\/schema.org\",\"@graph\":[{\"@type\":\"WebPage\",\"@id\":\"https:\\\/\\\/hortabay.com\\\/en\\\/testimonials\\\/\",\"url\":\"https:\\\/\\\/hortabay.com\\\/en\\\/testimonials\\\/\",\"name\":\"Testimonials - Horta Bay\",\"isPartOf\":{\"@id\":\"https:\\\/\\\/hortabay.com\\\/#website\"},\"datePublished\":\"2023-07-23T17:44:33+00:00\",\"dateModified\":\"2023-10-11T09:57:05+00:00\",\"breadcrumb\":{\"@id\":\"https:\\\/\\\/hortabay.com\\\/en\\\/testimonials\\\/#breadcrumb\"},\"inLanguage\":\"en-US\",\"potentialAction\":[{\"@type\":\"ReadAction\",\"target\":[\"https:\\\/\\\/hortabay.com\\\/en\\\/testimonials\\\/\"]}]},{\"@type\":\"BreadcrumbList\",\"@id\":\"https:\\\/\\\/hortabay.com\\\/en\\\/testimonials\\\/#breadcrumb\",\"itemListElement\":[{\"@type\":\"ListItem\",\"position\":1,\"name\":\"In\u00edcio\",\"item\":\"https:\\\/\\\/hortabay.com\\\/en\\\/\"},{\"@type\":\"ListItem\",\"position\":2,\"name\":\"Testimonials\"}]},{\"@type\":\"WebSite\",\"@id\":\"https:\\\/\\\/hortabay.com\\\/#website\",\"url\":\"https:\\\/\\\/hortabay.com\\\/\",\"name\":\"Horta Bay\",\"description\":\"\",\"publisher\":{\"@id\":\"https:\\\/\\\/hortabay.com\\\/#organization\"},\"potentialAction\":[{\"@type\":\"SearchAction\",\"target\":{\"@type\":\"EntryPoint\",\"urlTemplate\":\"https:\\\/\\\/hortabay.com\\\/?s={search_term_string}\"},\"query-input\":{\"@type\":\"PropertyValueSpecification\",\"valueRequired\":true,\"valueName\":\"search_term_string\"}}],\"inLanguage\":\"en-US\"},{\"@type\":\"Organization\",\"@id\":\"https:\\\/\\\/hortabay.com\\\/#organization\",\"name\":\"Horta Bay\",\"url\":\"https:\\\/\\\/hortabay.com\\\/\",\"logo\":{\"@type\":\"ImageObject\",\"inLanguage\":\"en-US\",\"@id\":\"https:\\\/\\\/hortabay.com\\\/#\\\/schema\\\/logo\\\/image\\\/\",\"url\":\"https:\\\/\\\/hortabay.com\\\/wp-content\\\/uploads\\\/2023\\\/07\\\/logo-peq2-0.png\",\"contentUrl\":\"https:\\\/\\\/hortabay.com\\\/wp-content\\\/uploads\\\/2023\\\/07\\\/logo-peq2-0.png\",\"width\":500,\"height\":169,\"caption\":\"Horta Bay\"},\"image\":{\"@id\":\"https:\\\/\\\/hortabay.com\\\/#\\\/schema\\\/logo\\\/image\\\/\"}}]}<\/script>\n<!-- \/ Yoast SEO plugin. -->","yoast_head_json":{"title":"Testimonials - Horta Bay","robots":{"index":"index","follow":"follow","max-snippet":"max-snippet:-1","max-image-preview":"max-image-preview:large","max-video-preview":"max-video-preview:-1"},"canonical":"https:\/\/hortabay.com\/en\/testimonials\/","og_locale":"en_US","og_type":"article","og_title":"Testimonials - Horta Bay","og_description":"[vc_row][vc_column][vc_column_text font_size=&#8221;17&#8243;]We would like to thank all our dear guests who chose us during their stay on the island of Faial. It is always a great pleasure to receive you at Hortabay and to provide you with a unique lodging experience on this wonderful island. We are committed to ensuring that your stay is as&hellip;","og_url":"https:\/\/hortabay.com\/en\/testimonials\/","og_site_name":"Horta Bay","article_modified_time":"2023-10-11T09:57:05+00:00","twitter_card":"summary_large_image","twitter_misc":{"Est. reading time":"1 minute"},"schema":{"@context":"https:\/\/schema.org","@graph":[{"@type":"WebPage","@id":"https:\/\/hortabay.com\/en\/testimonials\/","url":"https:\/\/hortabay.com\/en\/testimonials\/","name":"Testimonials - Horta Bay","isPartOf":{"@id":"https:\/\/hortabay.com\/#website"},"datePublished":"2023-07-23T17:44:33+00:00","dateModified":"2023-10-11T09:57:05+00:00","breadcrumb":{"@id":"https:\/\/hortabay.com\/en\/testimonials\/#breadcrumb"},"inLanguage":"en-US","potentialAction":[{"@type":"ReadAction","target":["https:\/\/hortabay.com\/en\/testimonials\/"]}]},{"@type":"BreadcrumbList","@id":"https:\/\/hortabay.com\/en\/testimonials\/#breadcrumb","itemListElement":[{"@type":"ListItem","position":1,"name":"In\u00edcio","item":"https:\/\/hortabay.com\/en\/"},{"@type":"ListItem","position":2,"name":"Testimonials"}]},{"@type":"WebSite","@id":"https:\/\/hortabay.com\/#website","url":"https:\/\/hortabay.com\/","name":"Horta Bay","description":"","publisher":{"@id":"https:\/\/hortabay.com\/#organization"},"potentialAction":[{"@type":"SearchAction","target":{"@type":"EntryPoint","urlTemplate":"https:\/\/hortabay.com\/?s={search_term_string}"},"query-input":{"@type":"PropertyValueSpecification","valueRequired":true,"valueName":"search_term_string"}}],"inLanguage":"en-US"},{"@type":"Organization","@id":"https:\/\/hortabay.com\/#organization","name":"Horta Bay","url":"https:\/\/hortabay.com\/","logo":{"@type":"ImageObject","inLanguage":"en-US","@id":"https:\/\/hortabay.com\/#\/schema\/logo\/image\/","url":"https:\/\/hortabay.com\/wp-content\/uploads\/2023\/07\/logo-peq2-0.png","contentUrl":"https:\/\/hortabay.com\/wp-content\/uploads\/2023\/07\/logo-peq2-0.png","width":500,"height":169,"caption":"Horta Bay"},"image":{"@id":"https:\/\/hortabay.com\/#\/schema\/logo\/image\/"}}]}},"_links":{"self":[{"href":"https:\/\/hortabay.com\/en\/wp-json\/wp\/v2\/pages\/6019","targetHints":{"allow":["GET"]}}],"collection":[{"href":"https:\/\/hortabay.com\/en\/wp-json\/wp\/v2\/pages"}],"about":[{"href":"https:\/\/hortabay.com\/en\/wp-json\/wp\/v2\/types\/page"}],"author":[{"embeddable":true,"href":"https:\/\/hortabay.com\/en\/wp-json\/wp\/v2\/users\/1"}],"replies":[{"embeddable":true,"href":"https:\/\/hortabay.com\/en\/wp-json\/wp\/v2\/comments?post=6019"}],"version-history":[{"count":6,"href":"https:\/\/hortabay.com\/en\/wp-json\/wp\/v2\/pages\/6019\/revisions"}],"predecessor-version":[{"id":6227,"href":"https:\/\/hortabay.com\/en\/wp-json\/wp\/v2\/pages\/6019\/revisions\/6227"}],"wp:attachment":[{"href":"https:\/\/hortabay.com\/en\/wp-json\/wp\/v2\/media?parent=6019"}],"curies":[{"name":"wp","href":"https:\/\/api.w.org\/{rel}","templated":true}]}}